{"id":3764,"date":"2019-09-23T08:41:54","date_gmt":"2019-09-23T06:41:54","guid":{"rendered":"http:\/\/www.safram.com\/safram\/"},"modified":"2024-04-18T14:27:29","modified_gmt":"2024-04-18T12:27:29","slug":"safram","status":"publish","type":"page","link":"https:\/\/www.safram.com\/de\/safram\/","title":{"rendered":"Safram"},"content":{"rendered":"<div class=\"wpb-content-wrapper\"><p>[vc_row equal_height=&#8220;yes&#8220; content_placement=&#8220;middle&#8220; css=&#8220;.vc_custom_1569253189851{margin-top: 60px !important;padding-bottom: 80px !important;background-color: #ffffff !important;}&#8220;][vc_column width=&#8220;1\/3&#8243; css=&#8220;.vc_custom_1569240857493{padding: 40px !important;}&#8220;][vc_custom_heading text=&#8220;SAFRAM<br \/>\nDie philosophie&#8220; font_container=&#8220;tag:h2|font_size:35px|text_align:left|line_height:1.2em&#8220; use_theme_fonts=&#8220;yes&#8220; css=&#8220;.vc_custom_1569248854876{margin-top: 0px !important;margin-bottom: 0px !important;border-left-width: 10px !important;padding-top: 0px !important;padding-bottom: 0px !important;padding-left: 20px !important;border-left-color: #e41b13 !important;border-left-style: solid !important;}&#8220; el_class=&#8220;bordered-title&#8220;][\/vc_column][vc_column width=&#8220;2\/3&#8243;][vc_column_text]<strong>UNSERE VISION<\/strong><\/p>\n<p>SAFRAM \u2013 der zuverl\u00e4ssige Partner f\u00fcr h\u00f6chste Effizienz und Wirtschaftlichkeit<\/p>\n<p>Zu den St\u00e4rken von SAFRAM z\u00e4hlen die speziellen Routen, die f\u00fcr ein H\u00f6chstma\u00df an Zuverl\u00e4ssigkeit beim Transport, eine fristgerechte Lieferung und maximale Sicherheit der transportierten G\u00fcter und Waren sorgen.<\/p>\n<p>Ein wesentlicher Faktor f\u00fcr die Leistungsf\u00e4higkeit unseres <a href=\"https:\/\/www.safram.com\/de\/notre-reseau\/\">Netzwerks<\/a> sind ausgeruhte Fahrer und deren <a href=\"https:\/\/www.safram.com\/de\/nos-valeurs\/\">Komfort<\/a>. Aus diesem Grund wird jede Langstrecke von zwei Fahrzeugen abgedeckt, die sich auf halber Strecke treffen und die Auflieger austauschen.\u2028So legt bei der Strecke Genf\u2013Paris beispielsweise ein aus Paris kommender Lkw-F\u00fchrer die Strecke bis Pouilly-in-Auxois zur\u00fcck, wo er seinen Auflieger mit dem ihm entgegenkommenden Lkw-F\u00fchrer aus Genf austauscht. Beide Lkw-F\u00fchrer kehren dann wieder an ihren jeweiligen Bestimmungsort zur\u00fcck. So fahren die Lkw von SAFRAM niemals leer und bef\u00f6rdern Fracht sowohl auf der Hin- als auch auf der R\u00fcckfahrt.<\/p>\n<p>SAFRAM folgt beim Erreichen seiner Wachstumsziele einer goldenen Regel: Wir m\u00f6chten unseren Kunden einen erstklassigen Service bieten, der genau auf ihre jeweiligen Erwartungen abgestimmt ist. Dar\u00fcber hinaus m\u00f6chten wir langfristige Partnerschaften mit unseren Kunden aufbauen. Jede Einheit der SAFRAM-Gruppe ist zur Einhaltung einer Qualit\u00e4tscharta verpflichtet, die tadellose Leistungen im gesamten Netzwerk garantiert. Wir \u00fcberlassen nichts dem Zufall, wenn es darum geht, Ihre Anforderungen zu Ihrer Zufriedenheit zu erf\u00fcllen. Wir optimieren kontinuierlich unsere Verfahren und Ausr\u00fcstung, damit wir weiterhin zu den Leadern unserer Branche geh\u00f6re<span style=\"text-align: justify;\">n.<\/span><\/p>\n<p>[\/vc_column_text][\/vc_column][\/vc_row][vc_row][vc_column][vc_single_image image=&#8220;874&#8243; img_size=&#8220;large&#8220; css=&#8220;.vc_custom_1578578598369{margin-top: -110px !important;margin-left: 120px !important;}&#8220; el_class=&#8220;about-img&#8220;][\/vc_column][\/vc_row][vc_row css=&#8220;.vc_custom_1569253833713{margin-bottom: 30px !important;}&#8220;][vc_column width=&#8220;1\/4&#8243; offset=&#8220;vc_col-lg-offset-7&#8243;][vc_custom_heading text=&#8220;Wichtige<br \/>\nKennzahlen&#8220; font_container=&#8220;tag:h2|font_size:35px|text_align:left|line_height:1.2em&#8220; use_theme_fonts=&#8220;yes&#8220; css=&#8220;.vc_custom_1580822611448{margin-top: 0px !important;margin-bottom: 0px !important;border-left-width: 10px !important;padding-top: 0px !important;padding-bottom: 0px !important;padding-left: 20px !important;border-left-color: #e41b13 !important;border-left-style: solid !important;}&#8220; el_class=&#8220;bordered-title&#8220;][\/vc_column][\/vc_row][vc_row equal_height=&#8220;yes&#8220; content_placement=&#8220;middle&#8220;][vc_column css_animation=&#8220;fadeInLeft&#8220; width=&#8220;1\/4&#8243; css=&#8220;.vc_custom_1571238444486{background-color: #e41b13 !important;}&#8220; el_class=&#8220;chiffre-clef&#8220;][vc_column_text]<\/p>\n<p style=\"text-align: center;\"><span style=\"color: #ffffff;\"><strong>Gr\u00fcndungsjahr<\/strong><\/span><\/p>\n<h2 style=\"text-align: center;\"><span style=\"color: #ffffff;\">1965<\/span><\/h2>\n<p>[\/vc_column_text][\/vc_column][vc_column css_animation=&#8220;fadeInDown&#8220; width=&#8220;1\/4&#8243; css=&#8220;.vc_custom_1571238463552{background-color: #e8e8e8 !important;}&#8220; el_class=&#8220;chiffre-clef&#8220;][vc_column_text]<\/p>\n<h2 style=\"text-align: center;\"><span style=\"color: #e41b13;\">100 MCHF<\/span><\/h2>\n<p style=\"text-align: center;\"><strong><span style=\"color: #949dac;\">Konsolidierter Umsatz der Gruppe<\/span><\/strong><\/p>\n<p>[\/vc_column_text][\/vc_column][vc_column css_animation=&#8220;fadeInDown&#8220; width=&#8220;1\/4&#8243; css=&#8220;.vc_custom_1571238483486{background-color: #ffffff !important;}&#8220; el_class=&#8220;chiffre-clef&#8220;][vc_column_text]<\/p>\n<h2 style=\"text-align: center;\"><span style=\"color: #949dac;\">30<\/span><\/h2>\n<p style=\"text-align: center;\"><strong><span style=\"color: #e41b13;\">Lager<\/span><\/strong><\/p>\n<p>[\/vc_column_text][\/vc_column][vc_column css_animation=&#8220;fadeInRight&#8220; width=&#8220;1\/4&#8243; css=&#8220;.vc_custom_1571238493338{background-color: #e41b13 !important;}&#8220; el_class=&#8220;chiffre-clef&#8220;][vc_column_text]<\/p>\n<h2 style=\"text-align: center;\"><span style=\"color: #ffffff;\">27<\/span><\/h2>\n<p style=\"text-align: center;\"><strong><span style=\"color: #ffffff;\">Standorte im Safram-Netzwerk Europa<\/span><\/strong><\/p>\n<p>[\/vc_column_text][\/vc_column][\/vc_row][vc_row equal_height=&#8220;yes&#8220; content_placement=&#8220;middle&#8220; css=&#8220;.vc_custom_1569253811329{margin-bottom: 120px !important;}&#8220;][vc_column css_animation=&#8220;fadeInLeft&#8220; width=&#8220;1\/4&#8243; css=&#8220;.vc_custom_1571239356301{background-color: #ffffff !important;}&#8220; el_class=&#8220;chiffre-clef&#8220;][vc_column_text css_animation=&#8220;none&#8220;]<\/p>\n<h2 style=\"text-align: center;\"><span style=\"color: #949dac;\">300&#8217;000 m<sup>2<\/sup><\/span><\/h2>\n<p style=\"text-align: center;\"><strong><span style=\"color: #e41b13;\">Lagerfl\u00e4che<\/span><\/strong><\/p>\n<p>[\/vc_column_text][\/vc_column][vc_column css_animation=&#8220;fadeInUp&#8220; width=&#8220;1\/4&#8243; css=&#8220;.vc_custom_1571238524306{background-color: #e41b13 !important;}&#8220; el_class=&#8220;chiffre-clef&#8220;][vc_column_text]<\/p>\n<h2 style=\"text-align: center;\"><span style=\"color: #ffffff;\">60&#8217;000 m2<\/span><\/h2>\n<p style=\"text-align: center;\"><strong><span style=\"color: #ffffff;\">gesicherte Lagerfl\u00e4che<\/span><\/strong><\/p>\n<p>[\/vc_column_text][\/vc_column][vc_column css_animation=&#8220;fadeInUp&#8220; width=&#8220;1\/4&#8243; css=&#8220;.vc_custom_1571238538286{background-color: #e8e8e8 !important;}&#8220; el_class=&#8220;chiffre-clef&#8220;][vc_column_text]<\/p>\n<h2 style=\"text-align: center;\"><span style=\"color: #e41b13;\">240<\/span><\/h2>\n<p style=\"text-align: center;\"><strong><span style=\"color: #949dac;\"><span style=\"caret-color: #949dac;\">Lkw<\/span><\/span><\/strong><\/p>\n<p>[\/vc_column_text][\/vc_column][vc_column css_animation=&#8220;fadeInRight&#8220; width=&#8220;1\/4&#8243; css=&#8220;.vc_custom_1571238548650{background-color: #ffffff !important;}&#8220; el_class=&#8220;chiffre-clef&#8220;][vc_column_text]<\/p>\n<h2 style=\"text-align: center;\"><span style=\"color: #949dac;\">370<\/span><\/h2>\n<p style=\"text-align: center;\"><strong><span style=\"color: #e41b13;\">Mitarbeitende<\/span><\/strong><\/p>\n<p>[\/vc_column_text][\/vc_column][\/vc_row][vc_section css=&#8220;.vc_custom_1571237650526{margin-bottom: 60px !important;padding-top: 40px !important;padding-right: 40px !important;padding-bottom: 40px !important;padding-left: 40px !important;background-color: #ffffff !important;}&#8220; el_id=&#8220;nos-piliers&#8220;][vc_row][vc_column width=&#8220;1\/4&#8243;][vc_custom_heading text=&#8220;Unsere<br \/>\nKernwerte&#8220; font_container=&#8220;tag:h2|font_size:35px|text_align:left|line_height:1.2em&#8220; use_theme_fonts=&#8220;yes&#8220; css=&#8220;.vc_custom_1580822808134{margin-top: 0px !important;margin-bottom: 0px !important;border-left-width: 10px !important;padding-top: 0px !important;padding-bottom: 0px !important;padding-left: 20px !important;border-left-color: #e41b13 !important;border-left-style: solid !important;}&#8220; el_class=&#8220;bordered-title&#8220;][\/vc_column][vc_column width=&#8220;2\/5&#8243;][vc_column_text]<\/p>\n<p style=\"text-align: justify;\">SAFRAM &#8211; ma\u00dfgeschneiderte L\u00f6sungen<\/p>\n<p style=\"text-align: justify;\">SAFRAM verfolgt eine Entwicklungsstrategie, in deren Mittelpunkt der Mensch steht. Mit unserer Entscheidung f\u00fcr eine flie\u00dfende und offene Unternehmensstruktur stellen wir sicher, dass unsere Kernwerte eingehalten werden:<\/p>\n<p>[\/vc_column_text][\/vc_column][vc_column width=&#8220;1\/3&#8243;][vc_single_image image=&#8220;357&#8243; img_size=&#8220;large&#8220; el_class=&#8220;pilier-img&#8220;][\/vc_column][\/vc_row][vc_row equal_height=&#8220;yes&#8220; content_placement=&#8220;top&#8220;][vc_column width=&#8220;1\/2&#8243; el_class=&#8220;pilier-description&#8220;]<div class=\"icon_box icon_position_top no_border\"><div class=\"image_wrapper\"><img loading=\"lazy\" decoding=\"async\" class=\"scale-with-grid\" src=\"https:\/\/www.safram.com\/wp-content\/uploads\/2019\/09\/medal-icon.png\" alt=\"medal-icon\" width=\"59\" height=\"84\"\/><\/div><div class=\"desc_wrapper\"><h4 class=\"title \">Service-Exzellenz<\/h4><div class=\"desc\">Eine Wertsch\u00f6pfungskette, die unsere Kunden zufriedenstellt.<br \/>\nUnsere engagierten Teams zeichnen sich durch hohe Fachkompetenz, Kreativit\u00e4t, schnelle Reaktionszeiten und den Austausch von Kenntnissen und Know-how aus. Dar\u00fcber hinaus setzen wir auf einen systematischen Qualit\u00e4tsansatz, um so eine kontinuierliche Verbesserung der Infrastruktur, des Netzwerks sowie der Lager, Transport und Lieferprozesse zu gew\u00e4hrleisten.<\/p>\n<p><\/div><\/div><\/div>\n[\/vc_column][vc_column width=&#8220;1\/2&#8243; el_class=&#8220;pilier-description&#8220;]<div class=\"icon_box icon_position_top no_border\"><div class=\"image_wrapper\"><img loading=\"lazy\" decoding=\"async\" class=\"scale-with-grid\" src=\"https:\/\/www.safram.com\/wp-content\/uploads\/2019\/09\/truck-icon.png\" alt=\"truck-icon\" width=\"86\" height=\"52\"\/><\/div><div class=\"desc_wrapper\"><h4 class=\"title \">Spezialisierung<\/h4><div class=\"desc\">Lagerverwaltung und Stra\u00dfentransport\u00a0 f\u00fcr die Industrie.<br \/>\nWir transportieren alle Arten von G\u00fctern und Waren, darunter chemische Produkte, f\u00fcr die strenge gesetzliche Vorgaben gelten, empfindliche Erzeugnisse oder Produkte, die einen spezifischen und fachkundigen Umgang erfordern.<\/div><\/div><\/div>\n[\/vc_column][\/vc_row][vc_row][vc_column width=&#8220;1\/2&#8243; el_class=&#8220;pilier-description&#8220;]<div class=\"icon_box icon_position_top no_border\"><div class=\"image_wrapper\"><img loading=\"lazy\" decoding=\"async\" class=\"scale-with-grid\" src=\"https:\/\/www.safram.com\/wp-content\/uploads\/2019\/09\/collaborateurs-icon.png\" alt=\"collaborateurs-icon\" width=\"70\" height=\"61\"\/><\/div><div class=\"desc_wrapper\"><h4 class=\"title \">Unsere Besch\u00e4ftigten<\/h4><div class=\"desc\">Der Faktor Mensch steht bei uns im Mittelpunkt der Gesch\u00e4ftsbeziehung.<br \/>\nDie Best\u00e4ndigkeit unserer Teams tr\u00e4gt den entscheidenden Mehrwert zur Qualit\u00e4t unserer Abl\u00e4ufe bei und wird in der Zusammenarbeit von allen unseren Kunden besonders gesch\u00e4tzt.<\/p>\n<p><\/div><\/div><\/div>\n[\/vc_column][vc_column width=&#8220;1\/2&#8243; el_class=&#8220;pilier-description&#8220;]<div class=\"icon_box icon_position_top no_border\"><div class=\"image_wrapper\"><img loading=\"lazy\" decoding=\"async\" class=\"scale-with-grid\" src=\"https:\/\/www.safram.com\/wp-content\/uploads\/2019\/09\/environnement-icon.png\" alt=\"environnement-icon\" width=\"87\" height=\"53\"\/><\/div><div class=\"desc_wrapper\"><h4 class=\"title \">Qualit\u00e4t und Umwelt<\/h4><div class=\"desc\"><\/p>\n<p>SAFRAM unterzieht alle seine Prozesse einer strengen Qualit\u00e4tskontrolle, um einen erstklassigen Service zu gew\u00e4hrleisten.<\/p>\n<p>Die Reduzierung der CO2-Emissionen ist eine weitere Priorit\u00e4t von uns. Wir bevorzugen Nachttransporte und optimieren die Ladungen und die Routenplanung. Unsere Fahrzeuge entsprechen der EURO-5-Norm, unsere Lager und Fahrzeuge sind gesichert und sie erf\u00fcllen zudem s\u00e4mtliche Emissionsvorschriften.<\/div><\/div><\/div>\n[\/vc_column][\/vc_row][\/vc_section][vc_row el_id=&#8220;contact&#8220;][vc_column][vc_text_separator title=&#8220;Kontaktieren Sie uns&#8220; color=&#8220;custom&#8220; accent_color=&#8220;#e41b13&#8243; el_class=&#8220;section-title&#8220; el_id=&#8220;contact&#8220;]\n<div class=\"wpcf7 no-js\" id=\"wpcf7-f4361-o1\" lang=\"de-DE\" dir=\"ltr\" data-wpcf7-id=\"4361\">\n<div class=\"screen-reader-response\"><p role=\"status\" aria-live=\"polite\" aria-atomic=\"true\"><\/p> <ul><\/ul><\/div>\n<form action=\"\/de\/wp-json\/wp\/v2\/pages\/3764#wpcf7-f4361-o1\" method=\"post\" class=\"wpcf7-form init\" aria-label=\"Kontaktformular\" novalidate=\"novalidate\" data-status=\"init\">\n<fieldset class=\"hidden-fields-container\"><input type=\"hidden\" name=\"_wpcf7\" value=\"4361\" \/><input type=\"hidden\" name=\"_wpcf7_version\" value=\"6.1.5\" \/><input type=\"hidden\" name=\"_wpcf7_locale\" value=\"de_DE\" \/><input type=\"hidden\" name=\"_wpcf7_unit_tag\" value=\"wpcf7-f4361-o1\" \/><input type=\"hidden\" name=\"_wpcf7_container_post\" value=\"0\" \/><input type=\"hidden\" name=\"_wpcf7_posted_data_hash\" value=\"\" \/><input type=\"hidden\" name=\"_wpcf7_recaptcha_response\" value=\"\" \/>\n<\/fieldset>\n<div class=\"column one-third\">\n\t<p><span class=\"wpcf7-form-control-wrap\" data-name=\"your-name\"><input size=\"40\" maxlength=\"400\" class=\"wpcf7-form-control wpcf7-text wpcf7-validates-as-required\" aria-required=\"true\" aria-invalid=\"false\" placeholder=\"Ihr Name\" value=\"\" type=\"text\" name=\"your-name\" \/><\/span>\n\t<\/p>\n\t<p><span class=\"wpcf7-form-control-wrap\" data-name=\"your-email\"><input size=\"40\" maxlength=\"400\" class=\"wpcf7-form-control wpcf7-email wpcf7-validates-as-required wpcf7-text wpcf7-validates-as-email\" aria-required=\"true\" aria-invalid=\"false\" placeholder=\"Ihre E-Mail\" value=\"\" type=\"email\" name=\"your-email\" \/><\/span>\n\t<\/p>\n\t<p><span class=\"wpcf7-form-control-wrap\" data-name=\"your-subject\"><input size=\"40\" maxlength=\"400\" class=\"wpcf7-form-control wpcf7-text\" aria-invalid=\"false\" placeholder=\"Betreff\" value=\"\" type=\"text\" name=\"your-subject\" \/><\/span>\n\t<\/p>\n<\/div>\n<div class=\"column two-third\">\n\t<p><span class=\"wpcf7-form-control-wrap\" data-name=\"your-message\"><textarea cols=\"40\" rows=\"7\" maxlength=\"2000\" class=\"wpcf7-form-control wpcf7-textarea\" aria-invalid=\"false\" placeholder=\"Mitteilung\" name=\"your-message\"><\/textarea><\/span>\n\t<\/p>\n<\/div>\n<p><span class=\"wpcf7-form-control-wrap\" data-name=\"acceptance-656\"><span class=\"wpcf7-form-control wpcf7-acceptance\"><span class=\"wpcf7-list-item\"><label><input type=\"checkbox\" name=\"acceptance-656\" value=\"1\" aria-invalid=\"false\" \/><span class=\"wpcf7-list-item-label\">Ich habe die <a href=\"https:\/\/www.safram.com\/de\/datenschutzerklaerung\/\" target=\"_blank\">Datenschutzbestimmungen<\/a> dieser Website gelesen und stimme ihnen zu<\/span><\/label><\/span><\/span><\/span>\n<\/p>\n<div class=\"submit\">\n\t<p><input class=\"wpcf7-form-control wpcf7-submit has-spinner button_small\" type=\"submit\" value=\"Senden\" \/>\n\t<\/p>\n<\/div><input type='hidden' class='wpcf7-pum' value='{\"closepopup\":false,\"closedelay\":0,\"openpopup\":false,\"openpopup_id\":0}' \/><div class=\"wpcf7-response-output\" aria-hidden=\"true\"><\/div>\n<\/form>\n<\/div>\n[\/vc_column][\/vc_row]<\/p>\n<\/div>","protected":false},"excerpt":{"rendered":"<p>[vc_row equal_height=&#8220;yes&#8220; content_placement=&#8220;middle&#8220; css=&#8220;.vc_custom_1569253189851{margin-top: 60px !important;padding-bottom: 80px !important;background-color: #ffffff !important;}&#8220;][vc_column width=&#8220;1\/3&#8243; css=&#8220;.vc_custom_1569240857493{padding: 40px !important;}&#8220;][vc_custom_heading text=&#8220;SAFRAM Die philosophie&#8220; font_container=&#8220;tag:h2|font_size:35px|text_align:left|line_height:1.2em&#8220; use_theme_fonts=&#8220;yes&#8220; css=&#8220;.vc_custom_1569248854876{margin-top: 0px !important;margin-bottom: 0px !important;border-left-width: 10px !important;padding-top:<span class=\"excerpt-hellip\"> [\u2026]<\/span><\/p>\n","protected":false},"author":1,"featured_media":0,"parent":0,"menu_order":0,"comment_status":"closed","ping_status":"closed","template":"","meta":{"_acf_changed":false,"footnotes":""},"class_list":["post-3764","page","type-page","status-publish","hentry"],"acf":[],"yoast_head":"<!-- This site is optimized with the Yoast SEO plugin v27.3 - https:\/\/yoast.com\/product\/yoast-seo-wordpress\/ -->\n<title>Safram - Safram<\/title>\n<meta name=\"robots\" content=\"index, follow, max-snippet:-1, max-image-preview:large, max-video-preview:-1\" \/>\n<link rel=\"canonical\" href=\"https:\/\/www.safram.com\/de\/safram\/\" \/>\n<meta property=\"og:locale\" content=\"de_DE\" \/>\n<meta property=\"og:type\" content=\"article\" \/>\n<meta property=\"og:title\" content=\"Safram - Safram\" \/>\n<meta property=\"og:description\" content=\"[vc_row equal_height=&#8220;yes&#8220; content_placement=&#8220;middle&#8220; css=&#8220;.vc_custom_1569253189851{margin-top: 60px !important;padding-bottom: 80px !important;background-color: #ffffff !important;}&#8220;][vc_column width=&#8220;1\/3&#8243; css=&#8220;.vc_custom_1569240857493{padding: 40px !important;}&#8220;][vc_custom_heading text=&#8220;SAFRAM Die philosophie&#8220; font_container=&#8220;tag:h2|font_size:35px|text_align:left|line_height:1.2em&#8220; use_theme_fonts=&#8220;yes&#8220; css=&#8220;.vc_custom_1569248854876{margin-top: 0px !important;margin-bottom: 0px !important;border-left-width: 10px !important;padding-top: [\u2026]\" \/>\n<meta property=\"og:url\" content=\"https:\/\/www.safram.com\/de\/safram\/\" \/>\n<meta property=\"og:site_name\" content=\"Safram\" \/>\n<meta property=\"article:publisher\" content=\"https:\/\/www.facebook.com\/SaframFrance\" \/>\n<meta property=\"article:modified_time\" content=\"2024-04-18T12:27:29+00:00\" \/>\n<meta name=\"twitter:card\" content=\"summary_large_image\" \/>\n<meta name=\"twitter:label1\" content=\"Gesch\u00e4tzte Lesezeit\" \/>\n\t<meta name=\"twitter:data1\" content=\"6\u00a0Minuten\" \/>\n<script type=\"application\/ld+json\" class=\"yoast-schema-graph\">{\"@context\":\"https:\\\/\\\/schema.org\",\"@graph\":[{\"@type\":\"WebPage\",\"@id\":\"https:\\\/\\\/www.safram.com\\\/de\\\/safram\\\/\",\"url\":\"https:\\\/\\\/www.safram.com\\\/de\\\/safram\\\/\",\"name\":\"Safram - Safram\",\"isPartOf\":{\"@id\":\"https:\\\/\\\/www.safram.com\\\/de\\\/#website\"},\"datePublished\":\"2019-09-23T06:41:54+00:00\",\"dateModified\":\"2024-04-18T12:27:29+00:00\",\"breadcrumb\":{\"@id\":\"https:\\\/\\\/www.safram.com\\\/de\\\/safram\\\/#breadcrumb\"},\"inLanguage\":\"de\",\"potentialAction\":[{\"@type\":\"ReadAction\",\"target\":[\"https:\\\/\\\/www.safram.com\\\/de\\\/safram\\\/\"]}]},{\"@type\":\"BreadcrumbList\",\"@id\":\"https:\\\/\\\/www.safram.com\\\/de\\\/safram\\\/#breadcrumb\",\"itemListElement\":[{\"@type\":\"ListItem\",\"position\":1,\"name\":\"Accueil\",\"item\":\"https:\\\/\\\/www.safram.com\\\/de\\\/\"},{\"@type\":\"ListItem\",\"position\":2,\"name\":\"Safram\"}]},{\"@type\":\"WebSite\",\"@id\":\"https:\\\/\\\/www.safram.com\\\/de\\\/#website\",\"url\":\"https:\\\/\\\/www.safram.com\\\/de\\\/\",\"name\":\"Safram\",\"description\":\"Transporteur au coeur de l&#039;Europe\",\"publisher\":{\"@id\":\"https:\\\/\\\/www.safram.com\\\/de\\\/#organization\"},\"potentialAction\":[{\"@type\":\"SearchAction\",\"target\":{\"@type\":\"EntryPoint\",\"urlTemplate\":\"https:\\\/\\\/www.safram.com\\\/de\\\/?s={search_term_string}\"},\"query-input\":{\"@type\":\"PropertyValueSpecification\",\"valueRequired\":true,\"valueName\":\"search_term_string\"}}],\"inLanguage\":\"de\"},{\"@type\":\"Organization\",\"@id\":\"https:\\\/\\\/www.safram.com\\\/de\\\/#organization\",\"name\":\"Safram\",\"url\":\"https:\\\/\\\/www.safram.com\\\/de\\\/\",\"logo\":{\"@type\":\"ImageObject\",\"inLanguage\":\"de\",\"@id\":\"https:\\\/\\\/www.safram.com\\\/de\\\/#\\\/schema\\\/logo\\\/image\\\/\",\"url\":\"https:\\\/\\\/www-test.safram.com\\\/wp-content\\\/uploads\\\/2019\\\/12\\\/SAFRAM-LOGO.jpg\",\"contentUrl\":\"https:\\\/\\\/www-test.safram.com\\\/wp-content\\\/uploads\\\/2019\\\/12\\\/SAFRAM-LOGO.jpg\",\"width\":567,\"height\":422,\"caption\":\"Safram\"},\"image\":{\"@id\":\"https:\\\/\\\/www.safram.com\\\/de\\\/#\\\/schema\\\/logo\\\/image\\\/\"},\"sameAs\":[\"https:\\\/\\\/www.facebook.com\\\/SaframFrance\"]}]}<\/script>\n<!-- \/ Yoast SEO plugin. -->","yoast_head_json":{"title":"Safram - Safram","robots":{"index":"index","follow":"follow","max-snippet":"max-snippet:-1","max-image-preview":"max-image-preview:large","max-video-preview":"max-video-preview:-1"},"canonical":"https:\/\/www.safram.com\/de\/safram\/","og_locale":"de_DE","og_type":"article","og_title":"Safram - Safram","og_description":"[vc_row equal_height=&#8220;yes&#8220; content_placement=&#8220;middle&#8220; css=&#8220;.vc_custom_1569253189851{margin-top: 60px !important;padding-bottom: 80px !important;background-color: #ffffff !important;}&#8220;][vc_column width=&#8220;1\/3&#8243; css=&#8220;.vc_custom_1569240857493{padding: 40px !important;}&#8220;][vc_custom_heading text=&#8220;SAFRAM Die philosophie&#8220; font_container=&#8220;tag:h2|font_size:35px|text_align:left|line_height:1.2em&#8220; use_theme_fonts=&#8220;yes&#8220; css=&#8220;.vc_custom_1569248854876{margin-top: 0px !important;margin-bottom: 0px !important;border-left-width: 10px !important;padding-top: [\u2026]","og_url":"https:\/\/www.safram.com\/de\/safram\/","og_site_name":"Safram","article_publisher":"https:\/\/www.facebook.com\/SaframFrance","article_modified_time":"2024-04-18T12:27:29+00:00","twitter_card":"summary_large_image","twitter_misc":{"Gesch\u00e4tzte Lesezeit":"6\u00a0Minuten"},"schema":{"@context":"https:\/\/schema.org","@graph":[{"@type":"WebPage","@id":"https:\/\/www.safram.com\/de\/safram\/","url":"https:\/\/www.safram.com\/de\/safram\/","name":"Safram - Safram","isPartOf":{"@id":"https:\/\/www.safram.com\/de\/#website"},"datePublished":"2019-09-23T06:41:54+00:00","dateModified":"2024-04-18T12:27:29+00:00","breadcrumb":{"@id":"https:\/\/www.safram.com\/de\/safram\/#breadcrumb"},"inLanguage":"de","potentialAction":[{"@type":"ReadAction","target":["https:\/\/www.safram.com\/de\/safram\/"]}]},{"@type":"BreadcrumbList","@id":"https:\/\/www.safram.com\/de\/safram\/#breadcrumb","itemListElement":[{"@type":"ListItem","position":1,"name":"Accueil","item":"https:\/\/www.safram.com\/de\/"},{"@type":"ListItem","position":2,"name":"Safram"}]},{"@type":"WebSite","@id":"https:\/\/www.safram.com\/de\/#website","url":"https:\/\/www.safram.com\/de\/","name":"Safram","description":"Transporteur au coeur de l&#039;Europe","publisher":{"@id":"https:\/\/www.safram.com\/de\/#organization"},"potentialAction":[{"@type":"SearchAction","target":{"@type":"EntryPoint","urlTemplate":"https:\/\/www.safram.com\/de\/?s={search_term_string}"},"query-input":{"@type":"PropertyValueSpecification","valueRequired":true,"valueName":"search_term_string"}}],"inLanguage":"de"},{"@type":"Organization","@id":"https:\/\/www.safram.com\/de\/#organization","name":"Safram","url":"https:\/\/www.safram.com\/de\/","logo":{"@type":"ImageObject","inLanguage":"de","@id":"https:\/\/www.safram.com\/de\/#\/schema\/logo\/image\/","url":"https:\/\/www-test.safram.com\/wp-content\/uploads\/2019\/12\/SAFRAM-LOGO.jpg","contentUrl":"https:\/\/www-test.safram.com\/wp-content\/uploads\/2019\/12\/SAFRAM-LOGO.jpg","width":567,"height":422,"caption":"Safram"},"image":{"@id":"https:\/\/www.safram.com\/de\/#\/schema\/logo\/image\/"},"sameAs":["https:\/\/www.facebook.com\/SaframFrance"]}]}},"_links":{"self":[{"href":"https:\/\/www.safram.com\/de\/wp-json\/wp\/v2\/pages\/3764","targetHints":{"allow":["GET"]}}],"collection":[{"href":"https:\/\/www.safram.com\/de\/wp-json\/wp\/v2\/pages"}],"about":[{"href":"https:\/\/www.safram.com\/de\/wp-json\/wp\/v2\/types\/page"}],"author":[{"embeddable":true,"href":"https:\/\/www.safram.com\/de\/wp-json\/wp\/v2\/users\/1"}],"replies":[{"embeddable":true,"href":"https:\/\/www.safram.com\/de\/wp-json\/wp\/v2\/comments?post=3764"}],"version-history":[{"count":13,"href":"https:\/\/www.safram.com\/de\/wp-json\/wp\/v2\/pages\/3764\/revisions"}],"predecessor-version":[{"id":6906,"href":"https:\/\/www.safram.com\/de\/wp-json\/wp\/v2\/pages\/3764\/revisions\/6906"}],"wp:attachment":[{"href":"https:\/\/www.safram.com\/de\/wp-json\/wp\/v2\/media?parent=3764"}],"curies":[{"name":"wp","href":"https:\/\/api.w.org\/{rel}","templated":true}]}}