{"id":4275,"date":"2020-01-23T15:55:25","date_gmt":"2020-01-23T14:55:25","guid":{"rendered":"http:\/\/www.safram.com\/nos-valeurs\/"},"modified":"2020-07-07T15:12:14","modified_gmt":"2020-07-07T13:12:14","slug":"verpflichtungen","status":"publish","type":"page","link":"https:\/\/www.safram.com\/de\/verpflichtungen\/","title":{"rendered":"Verpflichtungen"},"content":{"rendered":"<div class=\"wpb-content-wrapper\"><p>[vc_row css=&#8220;.vc_custom_1579792350726{background-color: #ffffff !important;}&#8220;][vc_column][vc_single_image image=&#8220;4220&#8243; img_size=&#8220;full&#8220;][vc_column_text css=&#8220;.vc_custom_1592925560905{margin-top: -40px !important;}&#8220;]<\/p>\n<h5 style=\"text-align: center;\">Unser gesamtes Handeln ist von Respekt geleitet und davon gepr\u00e4gt, jede und jeden Einzelnen zu achten. Zuh\u00f6rverm\u00f6gen und Dialogbereitschaft, gute Arbeitsbedingungen sowie Weiterbildungs- und Aufstiegsm\u00f6glichkeiten wirken sich positiv auf die Effizienz, Motivation und die pers\u00f6nliche Entfaltung aller Besch\u00e4ftigten aus.<\/h5>\n<p>[\/vc_column_text][\/vc_column][\/vc_row][vc_row][vc_column width=&#8220;1\/3&#8243;][vc_icon icon_fontawesome=&#8220;fa fa-users&#8220; color=&#8220;custom&#8220; align=&#8220;center&#8220; custom_color=&#8220;#e41b13&#8243;][vc_text_separator title=&#8220;WILLKOMMEN&#8220; color=&#8220;custom&#8220; accent_color=&#8220;#e41b13&#8243;][vc_column_text]<\/p>\n<p style=\"text-align: justify;\">Safram bietet ein Arbeitsumfeld, das auf den Prinzipien von Respekt, Transparenz, Vertrauen, Integrit\u00e4t und Loyalit\u00e4t beruht. Deshalb begegnet Safram allen Mitarbeitenden mit Fairness und behandelt sie mit W\u00fcrde sowie in \u00dcbereinstimmung mit den geltenden Gesetzen und Vorschriften.<\/p>\n<p>[\/vc_column_text][\/vc_column][vc_column width=&#8220;1\/3&#8243;][vc_icon icon_fontawesome=&#8220;fa fa-thumbs-up&#8220; color=&#8220;custom&#8220; align=&#8220;center&#8220; custom_color=&#8220;#e41b13&#8243;][vc_text_separator title=&#8220;EINBINDUNG&#8220; color=&#8220;custom&#8220; accent_color=&#8220;#e41b13&#8243;][vc_column_text]<\/p>\n<p style=\"text-align: justify;\">Die Motivation unserer Mitarbeitenden ist eine grundlegende Aufgabe unserer F\u00fchrungskr\u00e4fte; vorbildliches Verhalten, Respekt, Teamgeist, Kommunikation und die \u00dcbernahme von Verantwortung auf der Basis von Vertrauen sind dabei die wichtigsten Erfolgsfaktoren. Zuh\u00f6rverm\u00f6gen und Dialogbereitschaft, regelm\u00e4\u00dfige Mitarbeitergespr\u00e4che und die j\u00e4hrliche Leistungsbeurteilung bieten ideale Gelegenheiten zum Austausch und zum Aufstellen weiterer Ziele bei gleichzeitiger Anerkennung und Wertsch\u00e4tzung der Qualit\u00e4t der geleisteten Arbeit.<\/p>\n<p>[\/vc_column_text][\/vc_column][vc_column width=&#8220;1\/3&#8243;][vc_icon icon_fontawesome=&#8220;fa fa-check-square&#8220; color=&#8220;custom&#8220; align=&#8220;center&#8220; custom_color=&#8220;#e41b13&#8243;][vc_text_separator title=&#8220;WEITERBILDUNG&#8220; color=&#8220;custom&#8220; accent_color=&#8220;#e41b13&#8243;][vc_column_text]<\/p>\n<p style=\"text-align: justify;\">SAFRAM setzt sich konsequent f\u00fcr den Auf- und Ausbau der F\u00e4higkeiten seiner Mitarbeitenden ein. Das Unternehmen legt gro\u00dfen Wert auf Weiterbildung. Durch kontinuierliches Lernen k\u00f6nnen sich die Mitarbeitenden st\u00e4ndig an Ver\u00e4nderungen im Unternehmen anpassen und diese besser antizipieren.<\/p>\n<p>[\/vc_column_text][\/vc_column][\/vc_row][vc_row][vc_column width=&#8220;1\/3&#8243;][vc_icon icon_fontawesome=&#8220;fa fa-external-link-square&#8220; color=&#8220;custom&#8220; align=&#8220;center&#8220; custom_color=&#8220;#e41b13&#8243;][vc_text_separator title=&#8220;ENTWICKLUNG&#8220; color=&#8220;custom&#8220; accent_color=&#8220;#e41b13&#8243;][vc_column_text]<\/p>\n<p style=\"text-align: justify;\">SAFRAM verpflichtet sich, durch Weiterbildung in das Entwicklungspotenzial seiner Mitarbeitenden zu investieren, und unterst\u00fctzt den unternehmensinternen Aufstieg durch die F\u00f6rderung der beruflichen Mobilit\u00e4t \u2013 sowohl funktional als auch geografisch.<\/p>\n<p>[\/vc_column_text][\/vc_column][vc_column width=&#8220;1\/3&#8243;][vc_icon icon_fontawesome=&#8220;fa fa-handshake-o&#8220; color=&#8220;custom&#8220; align=&#8220;center&#8220; custom_color=&#8220;#e41b13&#8243;][vc_text_separator title=&#8220;IM DIENST DES KUNDEN&#8220; color=&#8220;custom&#8220; accent_color=&#8220;#e41b13&#8243;][vc_column_text]<\/p>\n<p style=\"text-align: justify;\">Durch unsere F\u00e4higkeiten, unser Know-how und unsere Produkte bieten wir unseren Kunden einen Mehrwert, der zu ihrer Wettbewerbsf\u00e4higkeit und Nachhaltigkeit beitr\u00e4gt.<\/p>\n<p style=\"text-align: justify;\">Alle Mitarbeitenden entwickeln als Botschafterinnen und Botschafter von SAFRAM ein eigenes, ganz besonderes Vertrauensverh\u00e4ltnis zu ihren Kunden. Ehrlichkeit, Integrit\u00e4t und Respekt sind Unternehmenswerte, die bei uns t\u00e4glich in den Beziehungen zu unseren Partnern gelebt werden.<\/p>\n<p>[\/vc_column_text][\/vc_column][vc_column width=&#8220;1\/3&#8243;][vc_icon icon_fontawesome=&#8220;fa fa-lightbulb-o&#8220; color=&#8220;custom&#8220; align=&#8220;center&#8220; custom_color=&#8220;#e41b13&#8243;][vc_text_separator title=&#8220;UNTERNEHMERISCHES DENKEN&#8220; color=&#8220;custom&#8220; accent_color=&#8220;#e41b13&#8243;][vc_column_text]<\/p>\n<p style=\"text-align: justify;\">Unternehmergeist ist die F\u00e4higkeit, das Wachstum der Gruppe zu antizipieren und zu f\u00f6rdern, indem Projekte gemeinsam und nach ethischen Ma\u00dfst\u00e4ben geplant und umgesetzt werden:<\/p>\n<ul>\n<li style=\"text-align: justify;\">Projekte, die auf Leistung und das kollektive Interesse ausgerichtet sind<\/li>\n<li style=\"text-align: justify;\">Projekte, die mehr Werte schaffen, als sie Ressourcen verbrauchen.<\/li>\n<\/ul>\n<p style=\"text-align: justify;\">Denn wir sind die Akteure, die die Zukunft von SAFRAM gestalten. Wir setzen uns f\u00fcr den Erfolg des Unternehmens ein, indem wir unser Know-how und unseren gesunden Menschenverstand gebrauchen und die uns anvertraute Verantwortung \u00fcbernehmen.<\/p>\n<p>[\/vc_column_text][\/vc_column][\/vc_row][vc_row][vc_column]<div class=\"testimonials_slider  hide-photos\"><ul class=\"testimonials_slider_ul\"><li class=\"testimonials_slider_li\"><div class=\"single-photo-img\"><img decoding=\"async\" class=\"scale-with-grid\" src=\"https:\/\/www.safram.com\/wp-content\/themes\/betheme\/images\/testimonials-placeholder.png\" alt=\"\" \/><\/div><div class=\"bq_wrapper\"><div class=\"blockquote\"><span class=\"mfn-blockquote-icon\"><i class=\"icon-quote\" aria-hidden=\"true\"><\/i><\/span><blockquote><span class=\"\">Wir legen Wert auf die berufliche Entfaltung unserer Besch\u00e4ftigten und bieten ihnen ein Umfeld, das Weiterbildung, die \u00dcbernahme von Verantwortung <\/span><span class=\"\">und<\/span><span class=\"\"> ihre pers\u00f6nliche Weiterentwicklung f\u00f6rdert.<\/span><\/blockquote><\/div><\/div><div class=\"hr_dots\"><span><\/span><span><\/span><span><\/span><\/div><div class=\"author\"><h5 class=\"title \"><\/h5><span class=\"company\"><\/span><\/div><\/li><li class=\"testimonials_slider_li\"><div class=\"single-photo-img\"><img decoding=\"async\" class=\"scale-with-grid\" src=\"https:\/\/www.safram.com\/wp-content\/themes\/betheme\/images\/testimonials-placeholder.png\" alt=\"\" \/><\/div><div class=\"bq_wrapper\"><div class=\"blockquote\"><span class=\"mfn-blockquote-icon\"><i class=\"icon-quote\" aria-hidden=\"true\"><\/i><\/span><blockquote>Wir sind ein Unternehmen, das sich ganz in den Dienst seiner Kunden stellt und stets ein offenes Ohr f\u00fcr ihre W\u00fcnsche hat. Wir verfolgen einen umfassenden ethischen Ansatz und respektieren das Gesetz, unsere Mitarbeitenden und unsere Kunden.<\/blockquote><\/div><\/div><div class=\"hr_dots\"><span><\/span><span><\/span><span><\/span><\/div><div class=\"author\"><h5 class=\"title \"><\/h5><span class=\"company\"><\/span><\/div><\/li><li class=\"testimonials_slider_li\"><div class=\"single-photo-img\"><img decoding=\"async\" class=\"scale-with-grid\" src=\"https:\/\/www.safram.com\/wp-content\/themes\/betheme\/images\/testimonials-placeholder.png\" alt=\"\" \/><\/div><div class=\"bq_wrapper\"><div class=\"blockquote\"><span class=\"mfn-blockquote-icon\"><i class=\"icon-quote\" aria-hidden=\"true\"><\/i><\/span><blockquote>Die Mitarbeitenden von SAFRAM sind das wichtigste Gut des Unternehmens und der wahre Motor unseres Erfolgs.<\/blockquote><\/div><\/div><div class=\"hr_dots\"><span><\/span><span><\/span><span><\/span><\/div><div class=\"author\"><h5 class=\"title \"><\/h5><span class=\"company\"><\/span><\/div><\/li><\/ul><\/div>\n[\/vc_column][\/vc_row][vc_row el_id=&#8220;contact&#8220;][vc_column][vc_text_separator title=&#8220;Kontaktieren Sie uns&#8220; color=&#8220;custom&#8220; accent_color=&#8220;#e41b13&#8243; el_class=&#8220;section-title&#8220; el_id=&#8220;contact&#8220;]\n<div class=\"wpcf7 no-js\" id=\"wpcf7-f4361-o1\" lang=\"de-DE\" dir=\"ltr\" data-wpcf7-id=\"4361\">\n<div class=\"screen-reader-response\"><p role=\"status\" aria-live=\"polite\" aria-atomic=\"true\"><\/p> <ul><\/ul><\/div>\n<form action=\"\/de\/wp-json\/wp\/v2\/pages\/4275#wpcf7-f4361-o1\" method=\"post\" class=\"wpcf7-form init\" aria-label=\"Kontaktformular\" novalidate=\"novalidate\" data-status=\"init\">\n<fieldset class=\"hidden-fields-container\"><input type=\"hidden\" name=\"_wpcf7\" value=\"4361\" \/><input type=\"hidden\" name=\"_wpcf7_version\" value=\"6.1.5\" \/><input type=\"hidden\" name=\"_wpcf7_locale\" value=\"de_DE\" \/><input type=\"hidden\" name=\"_wpcf7_unit_tag\" value=\"wpcf7-f4361-o1\" \/><input type=\"hidden\" name=\"_wpcf7_container_post\" value=\"0\" \/><input type=\"hidden\" name=\"_wpcf7_posted_data_hash\" value=\"\" \/><input type=\"hidden\" name=\"_wpcf7_recaptcha_response\" value=\"\" \/>\n<\/fieldset>\n<div class=\"column one-third\">\n\t<p><span class=\"wpcf7-form-control-wrap\" data-name=\"your-name\"><input size=\"40\" maxlength=\"400\" class=\"wpcf7-form-control wpcf7-text wpcf7-validates-as-required\" aria-required=\"true\" aria-invalid=\"false\" placeholder=\"Ihr Name\" value=\"\" type=\"text\" name=\"your-name\" \/><\/span>\n\t<\/p>\n\t<p><span class=\"wpcf7-form-control-wrap\" data-name=\"your-email\"><input size=\"40\" maxlength=\"400\" class=\"wpcf7-form-control wpcf7-email wpcf7-validates-as-required wpcf7-text wpcf7-validates-as-email\" aria-required=\"true\" aria-invalid=\"false\" placeholder=\"Ihre E-Mail\" value=\"\" type=\"email\" name=\"your-email\" \/><\/span>\n\t<\/p>\n\t<p><span class=\"wpcf7-form-control-wrap\" data-name=\"your-subject\"><input size=\"40\" maxlength=\"400\" class=\"wpcf7-form-control wpcf7-text\" aria-invalid=\"false\" placeholder=\"Betreff\" value=\"\" type=\"text\" name=\"your-subject\" \/><\/span>\n\t<\/p>\n<\/div>\n<div class=\"column two-third\">\n\t<p><span class=\"wpcf7-form-control-wrap\" data-name=\"your-message\"><textarea cols=\"40\" rows=\"7\" maxlength=\"2000\" class=\"wpcf7-form-control wpcf7-textarea\" aria-invalid=\"false\" placeholder=\"Mitteilung\" name=\"your-message\"><\/textarea><\/span>\n\t<\/p>\n<\/div>\n<p><span class=\"wpcf7-form-control-wrap\" data-name=\"acceptance-656\"><span class=\"wpcf7-form-control wpcf7-acceptance\"><span class=\"wpcf7-list-item\"><label><input type=\"checkbox\" name=\"acceptance-656\" value=\"1\" aria-invalid=\"false\" \/><span class=\"wpcf7-list-item-label\">Ich habe die <a href=\"https:\/\/www.safram.com\/de\/datenschutzerklaerung\/\" target=\"_blank\">Datenschutzbestimmungen<\/a> dieser Website gelesen und stimme ihnen zu<\/span><\/label><\/span><\/span><\/span>\n<\/p>\n<div class=\"submit\">\n\t<p><input class=\"wpcf7-form-control wpcf7-submit has-spinner button_small\" type=\"submit\" value=\"Senden\" \/>\n\t<\/p>\n<\/div><input type='hidden' class='wpcf7-pum' value='{\"closepopup\":false,\"closedelay\":0,\"openpopup\":false,\"openpopup_id\":0}' \/><div class=\"wpcf7-response-output\" aria-hidden=\"true\"><\/div>\n<\/form>\n<\/div>\n[\/vc_column][\/vc_row]<\/p>\n<\/div>","protected":false},"excerpt":{"rendered":"<p>[vc_row css=&#8220;.vc_custom_1579792350726{background-color: #ffffff !important;}&#8220;][vc_column][vc_single_image image=&#8220;4220&#8243; img_size=&#8220;full&#8220;][vc_column_text css=&#8220;.vc_custom_1592925560905{margin-top: -40px !important;}&#8220;] Unser gesamtes Handeln ist von Respekt geleitet und davon gepr\u00e4gt, jede und jeden Einzelnen zu achten. Zuh\u00f6rverm\u00f6gen<span class=\"excerpt-hellip\"> [\u2026]<\/span><\/p>\n","protected":false},"author":1,"featured_media":0,"parent":0,"menu_order":0,"comment_status":"closed","ping_status":"closed","template":"","meta":{"_acf_changed":false,"footnotes":""},"class_list":["post-4275","page","type-page","status-publish","hentry"],"acf":[],"yoast_head":"<!-- This site is optimized with the Yoast SEO plugin v27.3 - https:\/\/yoast.com\/product\/yoast-seo-wordpress\/ -->\n<title>Verpflichtungen - Safram<\/title>\n<meta name=\"robots\" content=\"index, follow, max-snippet:-1, max-image-preview:large, max-video-preview:-1\" \/>\n<link rel=\"canonical\" href=\"https:\/\/www.safram.com\/de\/verpflichtungen\/\" \/>\n<meta property=\"og:locale\" content=\"de_DE\" \/>\n<meta property=\"og:type\" content=\"article\" \/>\n<meta property=\"og:title\" content=\"Verpflichtungen - Safram\" \/>\n<meta property=\"og:description\" content=\"[vc_row css=&#8220;.vc_custom_1579792350726{background-color: #ffffff !important;}&#8220;][vc_column][vc_single_image image=&#8220;4220&#8243; img_size=&#8220;full&#8220;][vc_column_text css=&#8220;.vc_custom_1592925560905{margin-top: -40px !important;}&#8220;] Unser gesamtes Handeln ist von Respekt geleitet und davon gepr\u00e4gt, jede und jeden Einzelnen zu achten. Zuh\u00f6rverm\u00f6gen [\u2026]\" \/>\n<meta property=\"og:url\" content=\"https:\/\/www.safram.com\/de\/verpflichtungen\/\" \/>\n<meta property=\"og:site_name\" content=\"Safram\" \/>\n<meta property=\"article:publisher\" content=\"https:\/\/www.facebook.com\/SaframFrance\" \/>\n<meta property=\"article:modified_time\" content=\"2020-07-07T13:12:14+00:00\" \/>\n<meta name=\"twitter:card\" content=\"summary_large_image\" \/>\n<meta name=\"twitter:label1\" content=\"Gesch\u00e4tzte Lesezeit\" \/>\n\t<meta name=\"twitter:data1\" content=\"3\u00a0Minuten\" \/>\n<script type=\"application\/ld+json\" class=\"yoast-schema-graph\">{\"@context\":\"https:\\\/\\\/schema.org\",\"@graph\":[{\"@type\":\"WebPage\",\"@id\":\"https:\\\/\\\/www.safram.com\\\/de\\\/verpflichtungen\\\/\",\"url\":\"https:\\\/\\\/www.safram.com\\\/de\\\/verpflichtungen\\\/\",\"name\":\"Verpflichtungen - Safram\",\"isPartOf\":{\"@id\":\"https:\\\/\\\/www.safram.com\\\/de\\\/#website\"},\"datePublished\":\"2020-01-23T14:55:25+00:00\",\"dateModified\":\"2020-07-07T13:12:14+00:00\",\"breadcrumb\":{\"@id\":\"https:\\\/\\\/www.safram.com\\\/de\\\/verpflichtungen\\\/#breadcrumb\"},\"inLanguage\":\"de\",\"potentialAction\":[{\"@type\":\"ReadAction\",\"target\":[\"https:\\\/\\\/www.safram.com\\\/de\\\/verpflichtungen\\\/\"]}]},{\"@type\":\"BreadcrumbList\",\"@id\":\"https:\\\/\\\/www.safram.com\\\/de\\\/verpflichtungen\\\/#breadcrumb\",\"itemListElement\":[{\"@type\":\"ListItem\",\"position\":1,\"name\":\"Accueil\",\"item\":\"https:\\\/\\\/www.safram.com\\\/de\\\/\"},{\"@type\":\"ListItem\",\"position\":2,\"name\":\"Verpflichtungen\"}]},{\"@type\":\"WebSite\",\"@id\":\"https:\\\/\\\/www.safram.com\\\/de\\\/#website\",\"url\":\"https:\\\/\\\/www.safram.com\\\/de\\\/\",\"name\":\"Safram\",\"description\":\"Transporteur au coeur de l&#039;Europe\",\"publisher\":{\"@id\":\"https:\\\/\\\/www.safram.com\\\/de\\\/#organization\"},\"potentialAction\":[{\"@type\":\"SearchAction\",\"target\":{\"@type\":\"EntryPoint\",\"urlTemplate\":\"https:\\\/\\\/www.safram.com\\\/de\\\/?s={search_term_string}\"},\"query-input\":{\"@type\":\"PropertyValueSpecification\",\"valueRequired\":true,\"valueName\":\"search_term_string\"}}],\"inLanguage\":\"de\"},{\"@type\":\"Organization\",\"@id\":\"https:\\\/\\\/www.safram.com\\\/de\\\/#organization\",\"name\":\"Safram\",\"url\":\"https:\\\/\\\/www.safram.com\\\/de\\\/\",\"logo\":{\"@type\":\"ImageObject\",\"inLanguage\":\"de\",\"@id\":\"https:\\\/\\\/www.safram.com\\\/de\\\/#\\\/schema\\\/logo\\\/image\\\/\",\"url\":\"https:\\\/\\\/www-test.safram.com\\\/wp-content\\\/uploads\\\/2019\\\/12\\\/SAFRAM-LOGO.jpg\",\"contentUrl\":\"https:\\\/\\\/www-test.safram.com\\\/wp-content\\\/uploads\\\/2019\\\/12\\\/SAFRAM-LOGO.jpg\",\"width\":567,\"height\":422,\"caption\":\"Safram\"},\"image\":{\"@id\":\"https:\\\/\\\/www.safram.com\\\/de\\\/#\\\/schema\\\/logo\\\/image\\\/\"},\"sameAs\":[\"https:\\\/\\\/www.facebook.com\\\/SaframFrance\"]}]}<\/script>\n<!-- \/ Yoast SEO plugin. -->","yoast_head_json":{"title":"Verpflichtungen - Safram","robots":{"index":"index","follow":"follow","max-snippet":"max-snippet:-1","max-image-preview":"max-image-preview:large","max-video-preview":"max-video-preview:-1"},"canonical":"https:\/\/www.safram.com\/de\/verpflichtungen\/","og_locale":"de_DE","og_type":"article","og_title":"Verpflichtungen - Safram","og_description":"[vc_row css=&#8220;.vc_custom_1579792350726{background-color: #ffffff !important;}&#8220;][vc_column][vc_single_image image=&#8220;4220&#8243; img_size=&#8220;full&#8220;][vc_column_text css=&#8220;.vc_custom_1592925560905{margin-top: -40px !important;}&#8220;] Unser gesamtes Handeln ist von Respekt geleitet und davon gepr\u00e4gt, jede und jeden Einzelnen zu achten. Zuh\u00f6rverm\u00f6gen [\u2026]","og_url":"https:\/\/www.safram.com\/de\/verpflichtungen\/","og_site_name":"Safram","article_publisher":"https:\/\/www.facebook.com\/SaframFrance","article_modified_time":"2020-07-07T13:12:14+00:00","twitter_card":"summary_large_image","twitter_misc":{"Gesch\u00e4tzte Lesezeit":"3\u00a0Minuten"},"schema":{"@context":"https:\/\/schema.org","@graph":[{"@type":"WebPage","@id":"https:\/\/www.safram.com\/de\/verpflichtungen\/","url":"https:\/\/www.safram.com\/de\/verpflichtungen\/","name":"Verpflichtungen - Safram","isPartOf":{"@id":"https:\/\/www.safram.com\/de\/#website"},"datePublished":"2020-01-23T14:55:25+00:00","dateModified":"2020-07-07T13:12:14+00:00","breadcrumb":{"@id":"https:\/\/www.safram.com\/de\/verpflichtungen\/#breadcrumb"},"inLanguage":"de","potentialAction":[{"@type":"ReadAction","target":["https:\/\/www.safram.com\/de\/verpflichtungen\/"]}]},{"@type":"BreadcrumbList","@id":"https:\/\/www.safram.com\/de\/verpflichtungen\/#breadcrumb","itemListElement":[{"@type":"ListItem","position":1,"name":"Accueil","item":"https:\/\/www.safram.com\/de\/"},{"@type":"ListItem","position":2,"name":"Verpflichtungen"}]},{"@type":"WebSite","@id":"https:\/\/www.safram.com\/de\/#website","url":"https:\/\/www.safram.com\/de\/","name":"Safram","description":"Transporteur au coeur de l&#039;Europe","publisher":{"@id":"https:\/\/www.safram.com\/de\/#organization"},"potentialAction":[{"@type":"SearchAction","target":{"@type":"EntryPoint","urlTemplate":"https:\/\/www.safram.com\/de\/?s={search_term_string}"},"query-input":{"@type":"PropertyValueSpecification","valueRequired":true,"valueName":"search_term_string"}}],"inLanguage":"de"},{"@type":"Organization","@id":"https:\/\/www.safram.com\/de\/#organization","name":"Safram","url":"https:\/\/www.safram.com\/de\/","logo":{"@type":"ImageObject","inLanguage":"de","@id":"https:\/\/www.safram.com\/de\/#\/schema\/logo\/image\/","url":"https:\/\/www-test.safram.com\/wp-content\/uploads\/2019\/12\/SAFRAM-LOGO.jpg","contentUrl":"https:\/\/www-test.safram.com\/wp-content\/uploads\/2019\/12\/SAFRAM-LOGO.jpg","width":567,"height":422,"caption":"Safram"},"image":{"@id":"https:\/\/www.safram.com\/de\/#\/schema\/logo\/image\/"},"sameAs":["https:\/\/www.facebook.com\/SaframFrance"]}]}},"_links":{"self":[{"href":"https:\/\/www.safram.com\/de\/wp-json\/wp\/v2\/pages\/4275","targetHints":{"allow":["GET"]}}],"collection":[{"href":"https:\/\/www.safram.com\/de\/wp-json\/wp\/v2\/pages"}],"about":[{"href":"https:\/\/www.safram.com\/de\/wp-json\/wp\/v2\/types\/page"}],"author":[{"embeddable":true,"href":"https:\/\/www.safram.com\/de\/wp-json\/wp\/v2\/users\/1"}],"replies":[{"embeddable":true,"href":"https:\/\/www.safram.com\/de\/wp-json\/wp\/v2\/comments?post=4275"}],"version-history":[{"count":3,"href":"https:\/\/www.safram.com\/de\/wp-json\/wp\/v2\/pages\/4275\/revisions"}],"predecessor-version":[{"id":5333,"href":"https:\/\/www.safram.com\/de\/wp-json\/wp\/v2\/pages\/4275\/revisions\/5333"}],"wp:attachment":[{"href":"https:\/\/www.safram.com\/de\/wp-json\/wp\/v2\/media?parent=4275"}],"curies":[{"name":"wp","href":"https:\/\/api.w.org\/{rel}","templated":true}]}}