{"id":4410,"date":"2020-12-03T23:12:27","date_gmt":"2020-12-03T22:12:27","guid":{"rendered":"http:\/\/www.safram.com\/privacy-policy\/"},"modified":"2024-05-30T12:12:39","modified_gmt":"2024-05-30T10:12:39","slug":"datenschutzerklaerung","status":"publish","type":"page","link":"https:\/\/www.safram.com\/de\/datenschutzerklaerung\/","title":{"rendered":"Datenschutzerkl\u00e4rung &#038; Cookies"},"content":{"rendered":"\r\n<h2 class=\"wp-block-heading\">Einleitung<\/h2>\r\n<p>Im Rahmen ihrer Gesch\u00e4ftst\u00e4tigkeit ist SAFRAM SA, mit Sitz in 5 Route des Mouli\u00e8res CH-1242 Satigny, verpflichtet, Daten zu sammeln und zu verarbeiten, von denen einige als &#8222;personenbezogene Daten&#8220; gelten. SAFRAM SA legt grossen Wert auf die Wahrung der Privatsph\u00e4re und verwendet Daten nur verantwortungsbewusst und vertraulich und ausschlie\u00dflich f\u00fcr festgelegte Zwecke.<\/p>\r\n<h2>Personenbezogene Daten<\/h2>\r\n<p>Auf der Website www.safram.com k\u00f6nnen 2 Arten von Daten erhoben werden:<\/p>\r\n<ul>\r\n<li><strong>Direkt \u00fcbermittelte Daten<br \/><\/strong>Diese Daten sind die Daten, die Sie uns direkt, \u00fcber ein Kontaktformular oder durch direkten Kontakt per E-Mail senden. Die Felder &#8222;Vor- und Nachname&#8220;, &#8222;Firma oder Organisation&#8220; und &#8222;E-Mail-Adresse&#8220; im Kontaktformular sind obligatorisch auszuf\u00fcllen.<\/li>\r\n<\/ul>\r\n<ul>\r\n<li><strong>Automatisch gesammelte Daten<br \/><\/strong>Nachdem Sie uns Ihre Zustimmung erteilt haben, k\u00f6nnen wir w\u00e4hrend Ihrer Besuche auf unserer Website Informationen vom Typ &#8222;Web Analytics&#8220; sammeln, die sich auf Ihre Navigation, die Dauer Ihres Besuchs, Ihre IP-Adresse und den Typ und die Version\u00a0 Ihres Browsers beziehen. Die verwendete Technologie ist der Cookie.<\/li>\r\n<\/ul>\r\n<h2>Verwendung der Daten<\/h2>\r\n<p>Die Daten, die Sie uns direkt \u00fcbermitteln, werden zum Zweck der erneuten Kontaktaufnahme und\/oder zur Bearbetung der von Ihnen an uns gestellten Anfrage verwendet. &#8222;Web Analytics&#8220;-Daten werden anonym (durch Aufzeichnung anonymer IP-Adressen) von Google Analytics gesammelt und erm\u00f6glichen uns, die Besucherzahlen unserer Website und die Dauer der Besuche zu messen und m\u00f6gliche Fehler zu erkennen, um die Nutzererfahrung laufend zu verbessern. Diese Daten werden von SAFRAM SA, dem f\u00fcr die Datenverarbeitung Verantwortlichen, verwendet und niemals an Dritte weitergegeben oder f\u00fcr andere Zwecke als die oben genannten\u00a0 verwendet.<\/p>\r\n<p><strong>Rechtsgrundlage<\/strong><\/p>\r\n<p>Personenbezogene Daten werden ausschlie\u00dflich nach der ausdr\u00fccklichen Zustimmung des Nutzers erhoben, die zu diesem Zweck obligatorisch ist. Diese Zustimmung wird zuvor ordnungsgem\u00e4\u00df eingeholt (Schaltfl\u00e4chen und anzukreuzende K\u00e4stchen) und ist freiwillig, deutlich und unmissverst\u00e4ndlich.<\/p>\r\n<p><strong>Aufbewahrungsdauer<\/strong><\/p>\r\n<p>Die Daten werden f\u00fcr eine Dauer von maximal 3 Jahren gespeichert.<\/p>\r\n<p><strong>\u00a0<\/strong><\/p>\r\n<h2>Cookies<\/h2>\r\n<p><strong>Unsere Cookie-Richtlinien<\/strong><\/p>\r\n<p>Dieses Dokument erkl\u00e4rt, was Cookies sind und wie wir sie verwenden. Wir empfehlen Ihnen, diesen Text zu lesen, um zu verstehen, was Cookies sind, wie wir sie verwenden, welche Art von Cookies wir verwenden, d.h. welche Informationen wir mit Hilfe von Cookies sammeln und wie diese Informationen verwendet werden, und wie die Cookie-Einstellungen gesteuert werden k\u00f6nnen. F\u00fcr weitere Informationen dar\u00fcber, wie wir Ihre personenbezogenenDaten verwenden, speichern und sch\u00fctzen, konsultieren Sie bitte unsere Datenschutzrichtlinie.<\/p>\r\n<p>Sie k\u00f6nnen Ihre Zustimmung zu der Cookie-Erkl\u00e4rung auf unserer Website jederzeit \u00e4ndern oder widerrufen.<\/p>\r\n<p>Um mehr dar\u00fcber zu erfahren, wer wir sind, wie Sie uns kontaktieren k\u00f6nnen und wie wir personenbezogene Daten verarbeiten, lesen Sie bitte unsere Datenschutzrichtlinie.<\/p>\r\n<p>Ihre Zustimmung gilt f\u00fcr folgende Domains: www.safram.com<\/p>\r\n<div class=\"wt-cli-element cli_user_consent_state\">Ihr aktueller Stand: Keine Einwilligung erteilt. <a class=\"cli_manage_current_consent\" style=\"cursor:pointer;\">Verwalten Sie Ihre Einwilligung.<\/a> <\/div>\r\n<p><strong>Was sind Cookies?<\/strong><\/p>\r\n<p>Cookies sind kleine Textdateien, die zur Speicherung kleiner Datenmengen verwendet werden. Die Cookies werden auf Ihrem Ger\u00e4t gespeichert, wenn die Website in Ihrem Browser ge\u00f6ffnet wird. Diese Cookies helfen uns, das ordnungsgem\u00e4\u00dfe Funktionieren derWebsite zu gew\u00e4hrleisten, sie sicherer zu machen, eine bessere Nutzererfahrung zu bieten, zu verstehen, wie die Website funktioniert und zu analysieren, was zufriedenstellend\u00a0 funktioniert und was verbessert werden muss.<\/p>\r\n<p><strong>Wie verwenden wir Cookies?<\/strong><\/p>\r\n<p>Wie die meisten Online-Dienste verwendet unsere Website Cookies aus erster Hand und aus verschiedenen Gr\u00fcnden auch Cookies von Drittanbietern.\u00a0 Cookies aus erster Hand sind in erster Linie f\u00fcr das ordnungsgem\u00e4\u00dfe Funktionieren der Website erforderlich und erfassen keine identifizierbaren personenbezogenen Daten.<\/p>\r\n<p>Die auf unseren Websites verwendeten Cookies von Drittanbietern, werden in erster Linie genutzt, um zu verstehen, wie die Website funktioniert, wie Sie mit unserer Website interagieren, um die Sicherheit unserer Dienstleistungen zu gew\u00e4hrleisten, f\u00fcr Sie relevante Werbung bereitzustellen und um Ihnen insgesamt\u00a0 eine bessere und optimierteNutzererfahrung zu bieten und Ihre zuk\u00fcnftigen Interaktionen mit unserer Website zu beschleunigen.<\/p>\r\n<p><strong>Welche Arten von Cookies verwenden wir?<\/strong><\/p>\r\n<p>Die auf unserer Website verwendeten Cookies sind in die folgenden Kategorien unterteilt:<\/p>\r\n<div class=\"wt-cli-element cli_cookie_category_single\"><div class=\"cli_cookie_category_single\"><h5 class=\"cli_cookie_category_single_hd\">Notwendige<\/h5><div class=\"cli_cookie_category_single_description\"><p>Notwendige Cookies sind f\u00fcr das einwandfreie Funktionieren der Website unerl\u00e4sslich.Diese Kategorie umfasst nur Cookies, die grundlegende Funktionalit\u00e4ten und Sicherheitsmerkmale der Website gew\u00e4hrleisten.<br \/>\nDiese Cookies speichern keine personenbezogenen Daten.<\/p>\n<\/div><\/div><div class=\"cli_cookie_category_single\"><h5 class=\"cli_cookie_category_single_hd\">Nicht notwendig<\/h5><div class=\"cli_cookie_category_single_description\"><p>Jegliche Cookies, die f\u00fcr das Funktionieren der Website m\u00f6glicherweise nicht besonders notwendig sind und speziell dazu verwendet werden, pers\u00f6nliche Daten der Benutzer \u00fcber Analysen, Anzeigen und andere eingebettete Inhalte zu sammeln, werden als nicht notwendige Cookies bezeichnet. Es ist zwingend erforderlich, die Zustimmung des Benutzers einzuholen, bevor diese Cookies auf Ihrer Website eingesetzt werden.<\/p>\n<\/div><\/div><div class=\"cli_cookie_category_single\"><h5 class=\"cli_cookie_category_single_hd\">Analytik<\/h5><div class=\"cli_cookie_category_single_description\"><\/div><\/div><div class=\"cli_cookie_category_single\"><h5 class=\"cli_cookie_category_single_hd\">Werbung<\/h5><div class=\"cli_cookie_category_single_description\"><\/div><\/div><div class=\"cli_cookie_category_single\"><h5 class=\"cli_cookie_category_single_hd\">Leistung<\/h5><div class=\"cli_cookie_category_single_description\"><\/div><\/div><\/div>\r\n<p>Die folgende Liste zeigt die auf unserer Website verwendeten Cookies.<\/p>\r\n<table class=\"wt-cli-element cookielawinfo-classic cookielawinfo-row-cat-table\"><thead><tr><th scope=\"col\" class=\"cookielawinfo-column-1\">Cookie<\/th><th scope=\"col\" class=\"cookielawinfo-column-4\">Beschreibung<\/th><\/thead><tbody><tr class=\"cookielawinfo-row-cat-title\"><th colspan=\"2\" class=\"cookielawinfo-row-cat-title-head\">Notwendige<\/th><\/tr><tr class=\"cookielawinfo-row\"><td class=\"cookielawinfo-column-1\">PHPSESSID<\/td><td class=\"cookielawinfo-column-4\">This cookie is native to PHP applications. The cookie is used to store and identify a users' unique session ID for the purpose of managing user session on the website. The cookie is a session cookies and is deleted when all the browser windows are closed.<\/td><\/tr><tr class=\"cookielawinfo-row\"><td class=\"cookielawinfo-column-1\">cookielawinfo-checkbox-non-necessary<\/td><td class=\"cookielawinfo-column-4\">This cookie is set by GDPR Cookie Consent plugin. The cookies is used to store the user consent for the cookies in the category \"Non Necessary\".<\/td><\/tr><tr class=\"cookielawinfo-row\"><td class=\"cookielawinfo-column-1\">cookielawinfo-checkbox-necessary<\/td><td class=\"cookielawinfo-column-4\">This cookie is set by GDPR Cookie Consent plugin. The cookies is used to store the user consent for the cookies in the category \"Necessary\".<\/td><\/tr><tr class=\"cookielawinfo-row\"><td class=\"cookielawinfo-column-1\">viewed_cookie_policy<\/td><td class=\"cookielawinfo-column-4\">The cookie is set by the GDPR Cookie Consent plugin and is used to store whether or not user has consented to the use of cookies. It does not store any personal data.<\/td><\/tr><tr class=\"cookielawinfo-row-cat-title\"><th colspan=\"2\" class=\"cookielawinfo-row-cat-title-head\">Nicht notwendig<\/th><\/tr><tr class=\"cookielawinfo-row\"><td class=\"cookielawinfo-column-1\">test_cookie<\/td><td class=\"cookielawinfo-column-4\"><\/td><\/tr><tr class=\"cookielawinfo-row-cat-title\"><th colspan=\"2\" class=\"cookielawinfo-row-cat-title-head\">Analytik<\/th><\/tr><tr class=\"cookielawinfo-row\"><td class=\"cookielawinfo-column-1\">GPS<\/td><td class=\"cookielawinfo-column-4\">This cookie is set by Youtube and registers a unique ID for tracking users based on their geographical location<\/td><\/tr><tr class=\"cookielawinfo-row-cat-title\"><th colspan=\"2\" class=\"cookielawinfo-row-cat-title-head\">Werbung<\/th><\/tr><tr class=\"cookielawinfo-row\"><td class=\"cookielawinfo-column-1\">VISITOR_INFO1_LIVE<\/td><td class=\"cookielawinfo-column-4\">This cookie is set by Youtube. Used to track the information of the embedded YouTube videos on a website.<\/td><\/tr><tr class=\"cookielawinfo-row\"><td class=\"cookielawinfo-column-1\">IDE<\/td><td class=\"cookielawinfo-column-4\">Used by Google DoubleClick and stores information about how the user uses the website and any other advertisement before visiting the website. This is used to present users with ads that are relevant to them according to the user profile.<\/td><\/tr><tr class=\"cookielawinfo-row-cat-title\"><th colspan=\"2\" class=\"cookielawinfo-row-cat-title-head\">Leistung<\/th><\/tr><tr class=\"cookielawinfo-row\"><td class=\"cookielawinfo-column-1\">YSC<\/td><td class=\"cookielawinfo-column-4\">This cookies is set by Youtube and is used to track the views of embedded videos.<\/td><\/tr><\/tbody><\/table>\r\n<p><strong>Wie kann ich die Cookie-Einstellungen steuern?<\/strong><\/p>\r\n<p>Sie k\u00f6nnen Ihre Cookie-Einstellungen verwalten, indem Sie auf die Schaltfl\u00e4che &#8222;Einstellungen&#8220; klicken und die Cookie-Kategorien im Pop-up-Fenster entsprechend Ihren Pr\u00e4ferenzen aktivieren oder deaktivieren.<\/p>\r\n<p>Wenn Sie sich entscheiden, Ihre Pr\u00e4ferenzen erst sp\u00e4ter w\u00e4hrend Ihrer Browsersitzung zu \u00e4ndern, klicken Sie bitte auf die Registerkarte &#8222;Datenschutz- und Cookie-Richtlinie&#8220; auf Ihrem Bildschirm. Die Einverst\u00e4ndniserkl\u00e4rung wird erneut angezeigt und erm\u00f6glicht es Ihnen, Ihre Einstellungen zu \u00e4ndern oder Ihre Zustimmung zur\u00fcckzuziehen.<\/p>\r\n<p>Dar\u00fcber hinaus bieten die Browser verschiedene Optionen zum Blockieren und L\u00f6schen von Cookies, die von Websites verwendet werden. Sie k\u00f6nnen Ihre Browsereinstellungen \u00e4ndern, um Cookies zu blockieren\/l\u00f6schen. Weitere Informationen \u00fcber die Verwaltung und das L\u00f6schen von Cookies finden Sie auf wikipedia.org, www.allaboutcookies.org.<\/p>\r\n<p class=\"wt-cli-element\" style=\"color:#333; clear:both; font-style:italic; font-size:12px; margin-top:15px;\">Powered By <a href=\"https:\/\/www.webtoffee.com\/\" style=\"color:#333; font-weight:600; font-size:12px;\">WebToffee<\/a><\/p>\r\n<h2>Ihre Rechte bez\u00fcglich personenbezogener Daten<\/h2>\r\n<p>Sie haben das Recht, alle Ihre pers\u00f6nlichen Daten einzusehen und ihre \u00c4nderung oder L\u00f6schung zu veranlassen. Sie k\u00f6nnen Ihre Zustimmung zur Verarbeitung Ihrer Daten auch\u00a0 zur\u00fcckziehen.<\/p>\r\n<h2>Kontakt zum Datenschutzbeauftragten<\/h2>\r\n<p><a href=\"mailto:rgpd@safram.com\">RGPD@safram.com<\/a>\u00a0<\/p>\r\n<p>&nbsp;<\/p>\r\n<p>&nbsp;<\/p>\r\n","protected":false},"excerpt":{"rendered":"<p>Einleitung Im Rahmen ihrer Gesch\u00e4ftst\u00e4tigkeit ist SAFRAM SA, mit Sitz in 5 Route des Mouli\u00e8res CH-1242 Satigny, verpflichtet, Daten zu sammeln und zu verarbeiten, von denen<span class=\"excerpt-hellip\"> [\u2026]<\/span><\/p>\n","protected":false},"author":1,"featured_media":0,"parent":0,"menu_order":0,"comment_status":"closed","ping_status":"closed","template":"","meta":{"_acf_changed":false,"footnotes":""},"class_list":["post-4410","page","type-page","status-publish","hentry"],"acf":[],"yoast_head":"<!-- This site is optimized with the Yoast SEO plugin v27.3 - https:\/\/yoast.com\/product\/yoast-seo-wordpress\/ -->\n<title>Datenschutzerkl\u00e4rung &amp; Cookies - Safram<\/title>\n<meta name=\"robots\" content=\"index, follow, max-snippet:-1, max-image-preview:large, max-video-preview:-1\" \/>\n<link rel=\"canonical\" href=\"https:\/\/www.safram.com\/de\/datenschutzerklaerung\/\" \/>\n<meta property=\"og:locale\" content=\"de_DE\" \/>\n<meta property=\"og:type\" content=\"article\" \/>\n<meta property=\"og:title\" content=\"Datenschutzerkl\u00e4rung &amp; Cookies - Safram\" \/>\n<meta property=\"og:description\" content=\"Einleitung Im Rahmen ihrer Gesch\u00e4ftst\u00e4tigkeit ist SAFRAM SA, mit Sitz in 5 Route des Mouli\u00e8res CH-1242 Satigny, verpflichtet, Daten zu sammeln und zu verarbeiten, von denen [\u2026]\" \/>\n<meta property=\"og:url\" content=\"https:\/\/www.safram.com\/de\/datenschutzerklaerung\/\" \/>\n<meta property=\"og:site_name\" content=\"Safram\" \/>\n<meta property=\"article:publisher\" content=\"https:\/\/www.facebook.com\/SaframFrance\" \/>\n<meta property=\"article:modified_time\" content=\"2024-05-30T10:12:39+00:00\" \/>\n<meta name=\"twitter:card\" content=\"summary_large_image\" \/>\n<meta name=\"twitter:label1\" content=\"Gesch\u00e4tzte Lesezeit\" \/>\n\t<meta name=\"twitter:data1\" content=\"4\u00a0Minuten\" \/>\n<script type=\"application\/ld+json\" class=\"yoast-schema-graph\">{\"@context\":\"https:\\\/\\\/schema.org\",\"@graph\":[{\"@type\":\"WebPage\",\"@id\":\"https:\\\/\\\/www.safram.com\\\/de\\\/datenschutzerklaerung\\\/\",\"url\":\"https:\\\/\\\/www.safram.com\\\/de\\\/datenschutzerklaerung\\\/\",\"name\":\"Datenschutzerkl\u00e4rung & Cookies - Safram\",\"isPartOf\":{\"@id\":\"https:\\\/\\\/www.safram.com\\\/de\\\/#website\"},\"datePublished\":\"2020-12-03T22:12:27+00:00\",\"dateModified\":\"2024-05-30T10:12:39+00:00\",\"breadcrumb\":{\"@id\":\"https:\\\/\\\/www.safram.com\\\/de\\\/datenschutzerklaerung\\\/#breadcrumb\"},\"inLanguage\":\"de\",\"potentialAction\":[{\"@type\":\"ReadAction\",\"target\":[\"https:\\\/\\\/www.safram.com\\\/de\\\/datenschutzerklaerung\\\/\"]}]},{\"@type\":\"BreadcrumbList\",\"@id\":\"https:\\\/\\\/www.safram.com\\\/de\\\/datenschutzerklaerung\\\/#breadcrumb\",\"itemListElement\":[{\"@type\":\"ListItem\",\"position\":1,\"name\":\"Accueil\",\"item\":\"https:\\\/\\\/www.safram.com\\\/de\\\/\"},{\"@type\":\"ListItem\",\"position\":2,\"name\":\"Datenschutzerkl\u00e4rung &#038; Cookies\"}]},{\"@type\":\"WebSite\",\"@id\":\"https:\\\/\\\/www.safram.com\\\/de\\\/#website\",\"url\":\"https:\\\/\\\/www.safram.com\\\/de\\\/\",\"name\":\"Safram\",\"description\":\"Transporteur au coeur de l&#039;Europe\",\"publisher\":{\"@id\":\"https:\\\/\\\/www.safram.com\\\/de\\\/#organization\"},\"potentialAction\":[{\"@type\":\"SearchAction\",\"target\":{\"@type\":\"EntryPoint\",\"urlTemplate\":\"https:\\\/\\\/www.safram.com\\\/de\\\/?s={search_term_string}\"},\"query-input\":{\"@type\":\"PropertyValueSpecification\",\"valueRequired\":true,\"valueName\":\"search_term_string\"}}],\"inLanguage\":\"de\"},{\"@type\":\"Organization\",\"@id\":\"https:\\\/\\\/www.safram.com\\\/de\\\/#organization\",\"name\":\"Safram\",\"url\":\"https:\\\/\\\/www.safram.com\\\/de\\\/\",\"logo\":{\"@type\":\"ImageObject\",\"inLanguage\":\"de\",\"@id\":\"https:\\\/\\\/www.safram.com\\\/de\\\/#\\\/schema\\\/logo\\\/image\\\/\",\"url\":\"https:\\\/\\\/www-test.safram.com\\\/wp-content\\\/uploads\\\/2019\\\/12\\\/SAFRAM-LOGO.jpg\",\"contentUrl\":\"https:\\\/\\\/www-test.safram.com\\\/wp-content\\\/uploads\\\/2019\\\/12\\\/SAFRAM-LOGO.jpg\",\"width\":567,\"height\":422,\"caption\":\"Safram\"},\"image\":{\"@id\":\"https:\\\/\\\/www.safram.com\\\/de\\\/#\\\/schema\\\/logo\\\/image\\\/\"},\"sameAs\":[\"https:\\\/\\\/www.facebook.com\\\/SaframFrance\"]}]}<\/script>\n<!-- \/ Yoast SEO plugin. -->","yoast_head_json":{"title":"Datenschutzerkl\u00e4rung & Cookies - Safram","robots":{"index":"index","follow":"follow","max-snippet":"max-snippet:-1","max-image-preview":"max-image-preview:large","max-video-preview":"max-video-preview:-1"},"canonical":"https:\/\/www.safram.com\/de\/datenschutzerklaerung\/","og_locale":"de_DE","og_type":"article","og_title":"Datenschutzerkl\u00e4rung & Cookies - Safram","og_description":"Einleitung Im Rahmen ihrer Gesch\u00e4ftst\u00e4tigkeit ist SAFRAM SA, mit Sitz in 5 Route des Mouli\u00e8res CH-1242 Satigny, verpflichtet, Daten zu sammeln und zu verarbeiten, von denen [\u2026]","og_url":"https:\/\/www.safram.com\/de\/datenschutzerklaerung\/","og_site_name":"Safram","article_publisher":"https:\/\/www.facebook.com\/SaframFrance","article_modified_time":"2024-05-30T10:12:39+00:00","twitter_card":"summary_large_image","twitter_misc":{"Gesch\u00e4tzte Lesezeit":"4\u00a0Minuten"},"schema":{"@context":"https:\/\/schema.org","@graph":[{"@type":"WebPage","@id":"https:\/\/www.safram.com\/de\/datenschutzerklaerung\/","url":"https:\/\/www.safram.com\/de\/datenschutzerklaerung\/","name":"Datenschutzerkl\u00e4rung & Cookies - Safram","isPartOf":{"@id":"https:\/\/www.safram.com\/de\/#website"},"datePublished":"2020-12-03T22:12:27+00:00","dateModified":"2024-05-30T10:12:39+00:00","breadcrumb":{"@id":"https:\/\/www.safram.com\/de\/datenschutzerklaerung\/#breadcrumb"},"inLanguage":"de","potentialAction":[{"@type":"ReadAction","target":["https:\/\/www.safram.com\/de\/datenschutzerklaerung\/"]}]},{"@type":"BreadcrumbList","@id":"https:\/\/www.safram.com\/de\/datenschutzerklaerung\/#breadcrumb","itemListElement":[{"@type":"ListItem","position":1,"name":"Accueil","item":"https:\/\/www.safram.com\/de\/"},{"@type":"ListItem","position":2,"name":"Datenschutzerkl\u00e4rung &#038; Cookies"}]},{"@type":"WebSite","@id":"https:\/\/www.safram.com\/de\/#website","url":"https:\/\/www.safram.com\/de\/","name":"Safram","description":"Transporteur au coeur de l&#039;Europe","publisher":{"@id":"https:\/\/www.safram.com\/de\/#organization"},"potentialAction":[{"@type":"SearchAction","target":{"@type":"EntryPoint","urlTemplate":"https:\/\/www.safram.com\/de\/?s={search_term_string}"},"query-input":{"@type":"PropertyValueSpecification","valueRequired":true,"valueName":"search_term_string"}}],"inLanguage":"de"},{"@type":"Organization","@id":"https:\/\/www.safram.com\/de\/#organization","name":"Safram","url":"https:\/\/www.safram.com\/de\/","logo":{"@type":"ImageObject","inLanguage":"de","@id":"https:\/\/www.safram.com\/de\/#\/schema\/logo\/image\/","url":"https:\/\/www-test.safram.com\/wp-content\/uploads\/2019\/12\/SAFRAM-LOGO.jpg","contentUrl":"https:\/\/www-test.safram.com\/wp-content\/uploads\/2019\/12\/SAFRAM-LOGO.jpg","width":567,"height":422,"caption":"Safram"},"image":{"@id":"https:\/\/www.safram.com\/de\/#\/schema\/logo\/image\/"},"sameAs":["https:\/\/www.facebook.com\/SaframFrance"]}]}},"_links":{"self":[{"href":"https:\/\/www.safram.com\/de\/wp-json\/wp\/v2\/pages\/4410","targetHints":{"allow":["GET"]}}],"collection":[{"href":"https:\/\/www.safram.com\/de\/wp-json\/wp\/v2\/pages"}],"about":[{"href":"https:\/\/www.safram.com\/de\/wp-json\/wp\/v2\/types\/page"}],"author":[{"embeddable":true,"href":"https:\/\/www.safram.com\/de\/wp-json\/wp\/v2\/users\/1"}],"replies":[{"embeddable":true,"href":"https:\/\/www.safram.com\/de\/wp-json\/wp\/v2\/comments?post=4410"}],"version-history":[{"count":13,"href":"https:\/\/www.safram.com\/de\/wp-json\/wp\/v2\/pages\/4410\/revisions"}],"predecessor-version":[{"id":6918,"href":"https:\/\/www.safram.com\/de\/wp-json\/wp\/v2\/pages\/4410\/revisions\/6918"}],"wp:attachment":[{"href":"https:\/\/www.safram.com\/de\/wp-json\/wp\/v2\/media?parent=4410"}],"curies":[{"name":"wp","href":"https:\/\/api.w.org\/{rel}","templated":true}]}}